{"id":68,"date":"2019-05-24T08:02:27","date_gmt":"2019-05-24T06:02:27","guid":{"rendered":"https:\/\/veranoysaludandalucia.es\/verano2019\/?page_id=68"},"modified":"2026-04-16T11:17:27","modified_gmt":"2026-04-16T09:17:27","slug":"cuidados-infantiles","status":"publish","type":"page","link":"https:\/\/www.veranoysaludandalucia.es\/2026\/cuidados-infantiles\/","title":{"rendered":"Cuidados infantiles"},"content":{"rendered":"<div class=\"wpb-content-wrapper\"><p>[vc_row full_width=&#8221;stretch_row&#8221; gap=&#8221;0&#8243; css=&#8221;.vc_custom_1622477793018{margin-top: 0px !important;margin-right: 0px !important;margin-bottom: 0px !important;margin-left: 0px !important;padding-top: 0px !important;padding-right: 0px !important;padding-bottom: 0px !important;padding-left: 0px !important;}&#8221;][vc_column css=&#8221;.vc_custom_1622142216200{margin: 0px !important;padding: 0px !important;border: 0px initial !important;}&#8221;]<style>.ld_spacer_69fc8ed0cdb73{height:220px;}<\/style>\n<div class=\"ld-empty-space ld_spacer_69fc8ed0cdb73\"><span class=\"liquid_empty_space_inner\"><\/span><\/div>[vc_single_image image=&#8221;2903&#8243; img_size=&#8221;full&#8221; alignment=&#8221;center&#8221;][\/vc_column][\/vc_row][vc_row gap=&#8221;0&#8243; css=&#8221;.vc_custom_1622144126385{margin-top: 0px !important;margin-right: 0px !important;margin-bottom: 0px !important;margin-left: 0px !important;border-top-width: 0px !important;border-right-width: 0px !important;border-bottom-width: 0px !important;border-left-width: 0px !important;padding-top: 0px !important;padding-right: 0px !important;padding-bottom: 0px !important;padding-left: 0px !important;border-left-style: solid !important;border-right-style: solid !important;border-top-style: solid !important;border-bottom-style: solid !important;}&#8221;][vc_column css=&#8221;.vc_custom_1622144222319{margin-top: -150px !important;}&#8221;][vc_row_inner css=&#8221;.vc_custom_1776082285485{margin-top: 0px !important;margin-right: 60px !important;margin-bottom: 0px !important;margin-left: 60px !important;border-top-width: 1px !important;border-right-width: 1px !important;border-bottom-width: 1px !important;border-left-width: 1px !important;padding-top: 40px !important;padding-right: 40px !important;padding-bottom: 40px !important;padding-left: 40px !important;background-color: #f8a03e !important;border-radius: 30px !important;}&#8221;][vc_column_inner]<style>.ld_section_title_69fc8ed0cde51 h2{font-size:40px;color:rgb(255, 255, 255);margin-bottom:0px !important;;}<\/style><header class=\"fancy-title ld_section_title_69fc8ed0cde51 vc_custom_1683387074147\">\n\t<h2>Cuidados infantiles<\/h2>\t\t<\/header>[vc_column_text el_class=&#8221;blanco&#8221; css=&#8221;.vc_custom_1683388606699{margin-top: 5px !important;}&#8221;]<\/p>\n<p style=\"text-align: left;\"><span style=\"color: #000000;\">Los ni\u00f1os y las ni\u00f1as son m\u00e1s susceptibles al exceso de calor ambiental porque: tienen menos peso, producen menos sudor que las personas adultas, su temperatura corporal sube m\u00e1s deprisa, se adaptan peor a las altas temperaturas&#8230;<\/span><\/p>\n<p>[\/vc_column_text][\/vc_column_inner][\/vc_row_inner]<style>.ld_spacer_69fc8ed0ce268{height:50px;}<\/style>\n<div class=\"ld-empty-space ld_spacer_69fc8ed0ce268\"><span class=\"liquid_empty_space_inner\"><\/span><\/div>[\/vc_column][\/vc_row][vc_row bg_position=&#8221;right center&#8221; css=&#8221;.vc_custom_1559154747814{margin-top: 0px !important;padding-top: 0px !important;background-position: center !important;background-repeat: no-repeat !important;background-size: cover !important;}&#8221;][vc_column][vc_row_inner][vc_column_inner]<style>.ld_section_title_69fc8ed0ce4d4 h2{color:rgb(238, 73, 35);}<\/style><header class=\"fancy-title ld_section_title_69fc8ed0ce4d4 vc_custom_1559738657424\">\n\t<h2><i class=\"fa fa-hand-o-right\"><\/i> Con ni\u00f1as y ni\u00f1os: frente a las altas temperaturas<\/h2>\t\t<\/header>[\/vc_column_inner][\/vc_row_inner][vc_row_inner content_placement=&#8221;top&#8221; bg_position=&#8221;right center&#8221; css=&#8221;.vc_custom_1559154664785{margin-top: 0px !important;padding-top: 0px !important;background-position: center !important;background-repeat: no-repeat !important;background-size: contain !important;}&#8221;][vc_column_inner width=&#8221;1\/3&#8243; css=&#8221;.vc_custom_1559157072420{padding-right: 20px !important;padding-left: 20px !important;}&#8221;][vc_column_text el_class=&#8221;milista&#8221;]<\/p>\n<ul>\n<li>Entre las 11 y 18 horas evita su exposici\u00f3n al sol. A\u00fan en este horario protege su piel con crema de \u00edndice de protecci\u00f3n solar superior a 25 y resistente al agua.<\/li>\n<li>Despu\u00e9s del ba\u00f1o es importante secarse. El agua en la piel intensifica la acci\u00f3n de los rayos solares.<\/li>\n<li>Si hay que salir a la calle, procurar que permanezcan a la sombra.<br \/>\nProteger la cabeza con gorra con visera o sombrero, y utilizar ropa clara y amplia, de tejidos naturales (algod\u00f3n, por ejemplo)<\/li>\n<li>Llevar agua.<\/li>\n<\/ul>\n<p>[\/vc_column_text][\/vc_column_inner][vc_column_inner width=&#8221;1\/3&#8243; css=&#8221;.vc_custom_1559151438481{padding-right: 20px !important;padding-left: 20px !important;}&#8221;][vc_column_text el_class=&#8221;milista&#8221;]<\/p>\n<ul>\n<li>Un ambiente fresco, mejor que mejor. Para jugar, dormir o convivir, lo ideal es la habitaci\u00f3n m\u00e1s fresca de la casa.<\/li>\n<li>Evitar habitaciones con techo tipo uralita o semejantes, que hacen que el ambiente sea m\u00e1s caluroso.<\/li>\n<li>Si utilizas el aire acondicionado, la temperatura debe bastar para evitar el calor, no para que haga fr\u00edo.<\/li>\n<li>Cuidado con los cambios bruscos de temperatura, los beb\u00e9s y las ni\u00f1as y ni\u00f1os peque\u00f1os tienen menos capacidad de adaptaci\u00f3n a dichos cambios<\/li>\n<\/ul>\n<p>[\/vc_column_text][\/vc_column_inner][vc_column_inner width=&#8221;1\/3&#8243;][vc_column_text el_class=&#8221;milista&#8221;]<\/p>\n<ul>\n<li>Duchar o ba\u00f1ar al beb\u00e9 y a menores en general varias veces al d\u00eda, si es necesario. Las toallas h\u00famedas tambi\u00e9n ayudan a refrescar la piel.<\/li>\n<li>Evita el exceso de abrigo y los lugares cerrados y expuestos al sol sin climatizaci\u00f3n como autom\u00f3viles, casetas o tiendas de campa\u00f1a.<\/li>\n<li>Si el coche est\u00e1 aparcado al sol, antes de entrar, recuerda abrir puertas y ventanas y esperar a que baje la temperatura interior del veh\u00edculo.<\/li>\n<\/ul>\n<p>[\/vc_column_text][\/vc_column_inner][\/vc_row_inner][\/vc_column][\/vc_row][vc_row color=&#8221;grey&#8221; align=&#8221;align_center&#8221; style=&#8221;&#8221; border_width=&#8221;&#8221; el_width=&#8221;&#8221; accent_color=&#8221;&#8221; css=&#8221;.vc_custom_1559673722089{padding-top: 40px !important;}&#8221;][vc_column][vc_separator][\/vc_column][\/vc_row][vc_row bg_position=&#8221;right center&#8221; css=&#8221;.vc_custom_1559154747814{margin-top: 0px !important;padding-top: 0px !important;background-position: center !important;background-repeat: no-repeat !important;background-size: cover !important;}&#8221;][vc_column][vc_row_inner][vc_column_inner]<style>.ld_section_title_69fc8ed0ce786 h2{color:rgb(15, 109, 44);}<\/style><header class=\"fancy-title ld_section_title_69fc8ed0ce786 vc_custom_1559673961135\">\n\t<h2><i class=\"fa fa-hand-o-right\"><\/i> Qu\u00e9 beber y qu\u00e9 comer<\/h2>\t\t<\/header>[\/vc_column_inner][\/vc_row_inner][vc_row_inner content_placement=&#8221;top&#8221; bg_position=&#8221;right center&#8221; css=&#8221;.vc_custom_1559154664785{margin-top: 0px !important;padding-top: 0px !important;background-position: center !important;background-repeat: no-repeat !important;background-size: contain !important;}&#8221;][vc_column_inner width=&#8221;1\/3&#8243; css=&#8221;.vc_custom_1559157072420{padding-right: 20px !important;padding-left: 20px !important;}&#8221;][vc_column_text el_class=&#8221;milista&#8221;]<\/p>\n<ul>\n<li>Si tu beb\u00e9 tiene menos de 6 meses y se alimenta al pecho no necesita agua. En caso de elevado calor ambiental o p\u00e9rdidas de l\u00edquidos por diarrea o v\u00f3mitos, con aumentar las tomas es suficiente. Eso s\u00ed, la madre debe tener una buena hidrataci\u00f3n, mediante la ingesta de frutas, verduras y l\u00edquidos -sobre todo agua- en cantidad superior a 2 o 3 litros al d\u00eda.<\/li>\n<\/ul>\n<p>[\/vc_column_text][\/vc_column_inner][vc_column_inner width=&#8221;1\/3&#8243; css=&#8221;.vc_custom_1559151438481{padding-right: 20px !important;padding-left: 20px !important;}&#8221;][vc_column_text el_class=&#8221;milista&#8221;]<\/p>\n<ul>\n<li>Si tu beb\u00e9 se alimenta exclusivamente con leche preparada en biber\u00f3n, recuerda no alterar la relaci\u00f3n entre el agua y cacitos de polvo, seg\u00fan aconseje el fabricante. En este caso puedes darle agua (hervida o envasada) entre las tomas de leche. Cuando hace calor, los biberones deben prepararse justo antes de su consumo.<\/li>\n<\/ul>\n<p>[\/vc_column_text][\/vc_column_inner][vc_column_inner width=&#8221;1\/3&#8243;][vc_column_text el_class=&#8221;milista&#8221;]<\/p>\n<ul>\n<li>Hasta los 12 meses, es suficiente beber cerca de 1 litro de agua al d\u00eda, presente en la leche materna, en zumos, frutas y verduras.<\/li>\n<li>A partir del a\u00f1o, aumenta la ingesta de l\u00edquidos, preferentemente agua, hasta casi 3 litros, y zumos naturales.<\/li>\n<li>Incrementa el consumo de frutas y verduras y evita las comidas copiosas y ricas en grasas as\u00ed como las bebidas muy azucaradas.<\/li>\n<li>Aumenta moderada y transitoriamente el aporte de sal.<\/li>\n<\/ul>\n<p>[\/vc_column_text][\/vc_column_inner][\/vc_row_inner][\/vc_column][\/vc_row][vc_row color=&#8221;grey&#8221; align=&#8221;align_center&#8221; style=&#8221;&#8221; border_width=&#8221;&#8221; el_width=&#8221;&#8221; accent_color=&#8221;&#8221; css=&#8221;.vc_custom_1559673722089{padding-top: 40px !important;}&#8221;][vc_column][vc_separator][\/vc_column][\/vc_row][vc_row bg_position=&#8221;right center&#8221; css=&#8221;.vc_custom_1559154747814{margin-top: 0px !important;padding-top: 0px !important;background-position: center !important;background-repeat: no-repeat !important;background-size: cover !important;}&#8221;][vc_column][vc_row_inner][vc_column_inner]<style>.ld_section_title_69fc8ed0cea2c h2{color:rgb(15, 109, 44);}<\/style><header class=\"fancy-title ld_section_title_69fc8ed0cea2c vc_custom_1559674359698\">\n\t<h2><i class=\"fa fa-hand-o-right\"><\/i> En caso de signos de deshidrataci\u00f3n, insolaci\u00f3n o golpe de calor:<\/h2>\t\t<\/header>[\/vc_column_inner][\/vc_row_inner][vc_row_inner content_placement=&#8221;top&#8221; bg_position=&#8221;right center&#8221; css=&#8221;.vc_custom_1559154664785{margin-top: 0px !important;padding-top: 0px !important;background-position: center !important;background-repeat: no-repeat !important;background-size: contain !important;}&#8221;][vc_column_inner width=&#8221;1\/3&#8243; css=&#8221;.vc_custom_1559157072420{padding-right: 20px !important;padding-left: 20px !important;}&#8221;][vc_column_text el_class=&#8221;milista&#8221;]<\/p>\n<ul>\n<li>Dale agua o soluciones glucosalinas por boca siempre y cuando est\u00e9 consciente<\/li>\n<li>Situarle en un lugar fresco y ventilado<\/li>\n<\/ul>\n<p>[\/vc_column_text][\/vc_column_inner][vc_column_inner width=&#8221;1\/3&#8243; css=&#8221;.vc_custom_1559151438481{padding-right: 20px !important;padding-left: 20px !important;}&#8221;][vc_column_text el_class=&#8221;milista&#8221;]<\/p>\n<ul>\n<li>Humedecer o envolver su cuerpo en s\u00e1banas h\u00famedas<\/li>\n<li>En caso de p\u00e9rdida de conocimiento colocar menor de lado<\/li>\n<\/ul>\n<p>[\/vc_column_text][\/vc_column_inner][vc_column_inner width=&#8221;1\/3&#8243;][vc_column_text el_class=&#8221;milista&#8221;]<\/p>\n<ul>\n<li>Si tiene v\u00f3mitos u otros s\u00edntomas asociados solicitar asistencia sanitaria<\/li>\n<\/ul>\n<p>[\/vc_column_text][\/vc_column_inner][\/vc_row_inner][\/vc_column][\/vc_row][vc_row color=&#8221;grey&#8221; align=&#8221;align_center&#8221; style=&#8221;&#8221; border_width=&#8221;&#8221; el_width=&#8221;&#8221; accent_color=&#8221;&#8221; css=&#8221;.vc_custom_1559673722089{padding-top: 40px !important;}&#8221;][vc_column][vc_separator][\/vc_column][\/vc_row][vc_row bg_position=&#8221;right center&#8221; css=&#8221;.vc_custom_1559154747814{margin-top: 0px !important;padding-top: 0px !important;background-position: center !important;background-repeat: no-repeat !important;background-size: cover !important;}&#8221;][vc_column][vc_row_inner][vc_column_inner]<style>.ld_section_title_69fc8ed0cecc6 h2{color:rgb(15, 109, 44);}<\/style><header class=\"fancy-title ld_section_title_69fc8ed0cecc6 vc_custom_1559674553439\">\n\t<h2><i class=\"fa fa-hand-o-right\"><\/i> Extrema la precauci\u00f3n frente al calor en caso de:<\/h2>\t\t<\/header>[\/vc_column_inner][\/vc_row_inner][vc_row_inner content_placement=&#8221;top&#8221; bg_position=&#8221;right center&#8221; css=&#8221;.vc_custom_1559154664785{margin-top: 0px !important;padding-top: 0px !important;background-position: center !important;background-repeat: no-repeat !important;background-size: contain !important;}&#8221;][vc_column_inner width=&#8221;1\/2&#8243; css=&#8221;.vc_custom_1559157072420{padding-right: 20px !important;padding-left: 20px !important;}&#8221;][vc_column_text el_class=&#8221;milista&#8221;]<\/p>\n<ul>\n<li>Beb\u00e9s prematuros o con bajo peso al nacer<\/li>\n<li>Tratamiento con determinados medicamentos<\/li>\n<\/ul>\n<p>[\/vc_column_text][\/vc_column_inner][vc_column_inner width=&#8221;1\/2&#8243; css=&#8221;.vc_custom_1559151438481{padding-right: 20px !important;padding-left: 20px !important;}&#8221;][vc_column_text el_class=&#8221;milista&#8221;]<\/p>\n<ul>\n<li>Enfermedades cr\u00f3nicas o en proceso agudo que cursen con fiebre, v\u00f3mitos o diarrea.<\/li>\n<\/ul>\n<p>[\/vc_column_text][\/vc_column_inner][\/vc_row_inner][\/vc_column][\/vc_row][vc_row color=&#8221;grey&#8221; align=&#8221;align_center&#8221; style=&#8221;&#8221; border_width=&#8221;&#8221; el_width=&#8221;&#8221; accent_color=&#8221;&#8221; css=&#8221;.vc_custom_1559673722089{padding-top: 40px !important;}&#8221;][vc_column][vc_separator][\/vc_column][\/vc_row][vc_row css=&#8221;.vc_custom_1559597088657{margin-bottom: 0px !important;border-bottom-width: 0px !important;}&#8221;][vc_column]<header class=\"fancy-title ld_section_title_69fc8ed0cef42 vc_custom_1559589903938\">\n\t<h2>Informaci\u00f3n adicional<\/h2>\t\t<\/header>[vc_row_inner][vc_column_inner]<style>.ld_section_title_69fc8ed0cf1f0 h2{font-size:18px;}<\/style><header class=\"fancy-title ld_section_title_69fc8ed0cf1f0 vc_custom_1559596716324\">\n\t<h2>Enlaces<\/h2>\t\t<\/header><style>.ld_button_69fc8ed0cf4dc.btn-icon-solid:hover .btn-icon{background:rgb(63, 91, 209);}.ld_button_69fc8ed0cf4dc .btn-icon{color:rgb(255, 255, 255);margin-right:12px !important;}.ld_button_69fc8ed0cf4dc:hover .btn-icon{color:rgb(255, 255, 255);}.ld_button_69fc8ed0cf4dc.btn-icon-solid .btn-icon{background:rgb(148, 169, 255);}.ld_button_69fc8ed0cf4dc:hover{color:rgb(0, 0, 0);}.ld_button_69fc8ed0cf4dc:after{background:rgba(0, 0, 0, 0);}.ld_button_69fc8ed0cf4dc.btn-bordered:hover{border-color:rgba(0, 0, 0, 0);}<\/style><a href=\"https:\/\/www.veranoysaludandalucia.es\/2022\/frente-al-calor\/\" title=\"Frente al Calor\" class=\"btn btn-underlined text-uppercase btn-bordered border-thin btn-icon-left btn-icon-sm btn-icon-circle btn-icon-solid botonenlace ld_button_69fc8ed0cf4dc\">\n\t<span>\n\t\t\n\t\t\t\t\t<span class=\"btn-txt\">M\u00c1S INFORMACI\u00d3N EN: 'FRENTE AL CALOR'<\/span>\n\t\t\t\n\t<span class=\"btn-icon\"><i class=\"fa fa-external-link\"><\/i><\/span>\t\t\t<\/span>\n<\/a>\n<style>.ld_button_69fc8ed0cf8ec.btn-icon-solid:hover .btn-icon{background:rgb(63, 91, 209);}.ld_button_69fc8ed0cf8ec .btn-icon{color:rgb(255, 255, 255);margin-right:12px !important;}.ld_button_69fc8ed0cf8ec:hover .btn-icon{color:rgb(255, 255, 255);}.ld_button_69fc8ed0cf8ec.btn-icon-solid .btn-icon{background:rgb(148, 169, 255);}.ld_button_69fc8ed0cf8ec:hover{color:rgb(0, 0, 0);}.ld_button_69fc8ed0cf8ec:after{background:rgba(0, 0, 0, 0);}.ld_button_69fc8ed0cf8ec.btn-bordered:hover{border-color:rgba(0, 0, 0, 0);}<\/style><a href=\"https:\/\/www.veranoysaludandalucia.es\/2022\/tomar-el-sol\/\" title=\"Tomar el Sol\" class=\"btn btn-underlined text-uppercase btn-bordered border-thin btn-icon-left btn-icon-sm btn-icon-circle btn-icon-solid botonenlace ld_button_69fc8ed0cf8ec\">\n\t<span>\n\t\t\n\t\t\t\t\t<span class=\"btn-txt\">'PROTECCI\u00d3N SOLAR EN LA INFANCIA'<\/span>\n\t\t\t\n\t<span class=\"btn-icon\"><i class=\"fa fa-external-link\"><\/i><\/span>\t\t\t<\/span>\n<\/a>\n<style>.ld_spacer_69fc8ed0cfbe0{height:32px;}<\/style>\n<div class=\"ld-empty-space ld_spacer_69fc8ed0cfbe0\"><span class=\"liquid_empty_space_inner\"><\/span><\/div><style>.ld_section_title_69fc8ed0cfe48 h2{font-size:18px;}<\/style><header class=\"fancy-title ld_section_title_69fc8ed0cfe48 vc_custom_1559596743232\">\n\t<h2>Materiales<\/h2>\t\t<\/header><style>.ld_button_69fc8ed0d0163.btn-icon-solid:hover .btn-icon{background:rgb(14, 109, 44);}.ld_button_69fc8ed0d0163 .btn-icon{color:rgb(0, 0, 0);margin-right:12px !important;}.ld_button_69fc8ed0d0163:hover .btn-icon{color:rgb(255, 255, 255);}.ld_button_69fc8ed0d0163.btn-icon-solid .btn-icon{background:rgb(171, 242, 227);}.ld_button_69fc8ed0d0163:hover{color:rgb(0, 0, 0);}.ld_button_69fc8ed0d0163:after{background:rgba(0, 0, 0, 0);}.ld_button_69fc8ed0d0163.btn-bordered:hover{border-color:rgba(0, 0, 0, 0);}<\/style><a href=\"https:\/\/www.veranoysaludandalucia.es\/2020\/wp-content\/uploads\/sites\/7\/2019\/06\/cartel_proteccion_solar_infancia.pdf\" target=\"_blank\" class=\"btn btn-underlined text-uppercase btn-bordered border-thin btn-icon-left btn-icon-sm btn-icon-circle btn-icon-solid botonenlace ld_button_69fc8ed0d0163\">\n\t<span>\n\t\t\n\t\t\t\t\t<span class=\"btn-txt\">Cartel Consejos para proteger la piel de ni\u00f1os y ni\u00f1as<\/span>\n\t\t\t\n\t<span class=\"btn-icon\"><i class=\"fa fa-file-pdf-o\"><\/i><\/span>\t\t\t<\/span>\n<\/a>\n<style>.ld_button_69fc8ed0d04f1.btn-icon-solid:hover .btn-icon{background:rgb(14, 109, 44);}.ld_button_69fc8ed0d04f1 .btn-icon{color:rgb(0, 0, 0);margin-right:12px !important;}.ld_button_69fc8ed0d04f1:hover .btn-icon{color:rgb(255, 255, 255);}.ld_button_69fc8ed0d04f1.btn-icon-solid .btn-icon{background:rgb(171, 242, 227);}.ld_button_69fc8ed0d04f1:hover{color:rgb(0, 0, 0);}.ld_button_69fc8ed0d04f1:after{background:rgba(0, 0, 0, 0);}.ld_button_69fc8ed0d04f1.btn-bordered:hover{border-color:rgba(0, 0, 0, 0);}<\/style><a href=\"https:\/\/www.veranoysaludandalucia.es\/2020\/wp-content\/uploads\/sites\/7\/2019\/06\/triptico_proteccion_solar_infancia.pdf\" target=\"_blank\" class=\"btn btn-underlined text-uppercase btn-bordered border-thin btn-icon-left btn-icon-sm btn-icon-circle btn-icon-solid botonenlace ld_button_69fc8ed0d04f1\">\n\t<span>\n\t\t\n\t\t\t\t\t<span class=\"btn-txt\">Folleto Consejos para proteger la piel de ni\u00f1os y ni\u00f1as<\/span>\n\t\t\t\n\t<span class=\"btn-icon\"><i class=\"fa fa-file-pdf-o\"><\/i><\/span>\t\t\t<\/span>\n<\/a>\n<style>.ld_button_69fc8ed0d0896.btn-icon-solid:hover .btn-icon{background:rgb(14, 109, 44);}.ld_button_69fc8ed0d0896 .btn-icon{color:rgb(0, 0, 0);margin-right:12px !important;}.ld_button_69fc8ed0d0896:hover .btn-icon{color:rgb(255, 255, 255);}.ld_button_69fc8ed0d0896.btn-icon-solid .btn-icon{background:rgb(171, 242, 227);}.ld_button_69fc8ed0d0896:hover{color:rgb(0, 0, 0);}.ld_button_69fc8ed0d0896:after{background:rgba(0, 0, 0, 0);}.ld_button_69fc8ed0d0896.btn-bordered:hover{border-color:rgba(0, 0, 0, 0);}<\/style><a href=\"https:\/\/www.veranoysaludandalucia.es\/2020\/wp-content\/uploads\/sites\/7\/2019\/06\/tipos_piel.pdf\" target=\"_blank\" class=\"btn btn-underlined text-uppercase btn-bordered border-thin btn-icon-left btn-icon-sm btn-icon-circle btn-icon-solid botonenlace ld_button_69fc8ed0d0896\">\n\t<span>\n\t\t\n\t\t\t\t\t<span class=\"btn-txt\">Postal sobre tipos de piel (PDF)<\/span>\n\t\t\t\n\t<span class=\"btn-icon\"><i class=\"fa fa-file-pdf-o\"><\/i><\/span>\t\t\t<\/span>\n<\/a>\n[\/vc_column_inner][\/vc_row_inner][\/vc_column][\/vc_row]<\/p>\n<\/div>","protected":false},"excerpt":{"rendered":"<p>[vc_row full_width=&#8221;stretch_row&#8221; gap=&#8221;0&#8243; css=&#8221;.vc_custom_1622477793018{margin-top: 0px !important;margin-right: 0px !important;margin-bottom: 0px !important;margin-left: 0px !important;padding-top: 0px !important;padding-right: 0px !important;padding-bottom: 0px !important;padding-left: 0px !important;}&#8221;][vc_column css=&#8221;.vc_custom_1622142216200{margin: 0px !important;padding: 0px !important;border: 0px initial !important;}&#8221;][vc_single_image image=&#8221;2903&#8243; img_size=&#8221;full&#8221; alignment=&#8221;center&#8221;][\/vc_column][\/vc_row][vc_row gap=&#8221;0&#8243; css=&#8221;.vc_custom_1622144126385{margin-top: 0px !important;margin-right: 0px !important;margin-bottom: 0px !important;margin-left: 0px !important;border-top-width: 0px !important;border-right-width: 0px !important;border-bottom-width: 0px !important;border-left-width: 0px !important;padding-top: 0px !important;padding-right: 0px !important;padding-bottom: 0px !important;padding-left: [&hellip;]<\/p>\n","protected":false},"author":75,"featured_media":0,"parent":0,"menu_order":0,"comment_status":"closed","ping_status":"closed","template":"","meta":{"footnotes":""},"class_list":["post-68","page","type-page","status-publish","hentry"],"_links":{"self":[{"href":"https:\/\/www.veranoysaludandalucia.es\/2026\/wp-json\/wp\/v2\/pages\/68","targetHints":{"allow":["GET"]}}],"collection":[{"href":"https:\/\/www.veranoysaludandalucia.es\/2026\/wp-json\/wp\/v2\/pages"}],"about":[{"href":"https:\/\/www.veranoysaludandalucia.es\/2026\/wp-json\/wp\/v2\/types\/page"}],"author":[{"embeddable":true,"href":"https:\/\/www.veranoysaludandalucia.es\/2026\/wp-json\/wp\/v2\/users\/75"}],"replies":[{"embeddable":true,"href":"https:\/\/www.veranoysaludandalucia.es\/2026\/wp-json\/wp\/v2\/comments?post=68"}],"version-history":[{"count":55,"href":"https:\/\/www.veranoysaludandalucia.es\/2026\/wp-json\/wp\/v2\/pages\/68\/revisions"}],"predecessor-version":[{"id":2904,"href":"https:\/\/www.veranoysaludandalucia.es\/2026\/wp-json\/wp\/v2\/pages\/68\/revisions\/2904"}],"wp:attachment":[{"href":"https:\/\/www.veranoysaludandalucia.es\/2026\/wp-json\/wp\/v2\/media?parent=68"}],"curies":[{"name":"wp","href":"https:\/\/api.w.org\/{rel}","templated":true}]}}