{"id":64,"date":"2019-05-24T08:00:13","date_gmt":"2019-05-24T06:00:13","guid":{"rendered":"https:\/\/veranoysaludandalucia.es\/verano2019\/?page_id=64"},"modified":"2026-04-16T11:16:48","modified_gmt":"2026-04-16T09:16:48","slug":"tomar-el-sol","status":"publish","type":"page","link":"https:\/\/www.veranoysaludandalucia.es\/2026\/tomar-el-sol\/","title":{"rendered":"Tomar el Sol"},"content":{"rendered":"<div class=\"wpb-content-wrapper\"><p>[vc_row full_width=&#8221;stretch_row&#8221; gap=&#8221;0&#8243; css=&#8221;.vc_custom_1622477793018{margin-top: 0px !important;margin-right: 0px !important;margin-bottom: 0px !important;margin-left: 0px !important;padding-top: 0px !important;padding-right: 0px !important;padding-bottom: 0px !important;padding-left: 0px !important;}&#8221;][vc_column css=&#8221;.vc_custom_1622142216200{margin: 0px !important;padding: 0px !important;border: 0px initial !important;}&#8221;]<style>.ld_spacer_69fc8ec041d0f{height:220px;}<\/style>\n<div class=\"ld-empty-space ld_spacer_69fc8ec041d0f\"><span class=\"liquid_empty_space_inner\"><\/span><\/div>[vc_single_image image=&#8221;2899&#8243; img_size=&#8221;full&#8221; alignment=&#8221;center&#8221;][\/vc_column][\/vc_row][vc_row gap=&#8221;0&#8243; css=&#8221;.vc_custom_1622144126385{margin-top: 0px !important;margin-right: 0px !important;margin-bottom: 0px !important;margin-left: 0px !important;border-top-width: 0px !important;border-right-width: 0px !important;border-bottom-width: 0px !important;border-left-width: 0px !important;padding-top: 0px !important;padding-right: 0px !important;padding-bottom: 0px !important;padding-left: 0px !important;border-left-style: solid !important;border-right-style: solid !important;border-top-style: solid !important;border-bottom-style: solid !important;}&#8221;][vc_column css=&#8221;.vc_custom_1622144222319{margin-top: -150px !important;}&#8221;][vc_row_inner css=&#8221;.vc_custom_1776082233914{margin-top: 0px !important;margin-right: 60px !important;margin-bottom: 0px !important;margin-left: 60px !important;border-top-width: 1px !important;border-right-width: 1px !important;border-bottom-width: 1px !important;border-left-width: 1px !important;padding-top: 40px !important;padding-right: 40px !important;padding-bottom: 40px !important;padding-left: 40px !important;background-color: #f8a03e !important;border-radius: 30px !important;}&#8221;][vc_column_inner]<style>.ld_section_title_69fc8ec04202e h2{font-size:40px;color:rgb(255, 255, 255);margin-bottom:0px !important;;}<\/style><header class=\"fancy-title ld_section_title_69fc8ec04202e vc_custom_1622477988987\">\n\t<h2>Tomar el Sol<\/h2>\t\t<\/header>[vc_column_text el_class=&#8221;blanco&#8221; css=&#8221;.vc_custom_1683389637308{margin-top: 5px !important;}&#8221;]<span style=\"color: #000000;\">Las exposiciones frecuentes y prolongadas al sol en la playa, en el campo o en las piscinas, pueden ser la causa de que nuestra piel sufra da\u00f1os a corto, medio y\/o largo plazo. Sus consecuencias pueden ir desde irritaciones, eritemas, etc. hasta quemaduras de diversa intensidad y el temido c\u00e1ncer de piel.<\/span>[\/vc_column_text][\/vc_column_inner][\/vc_row_inner]<style>.ld_spacer_69fc8ec042433{height:50px;}<\/style>\n<div class=\"ld-empty-space ld_spacer_69fc8ec042433\"><span class=\"liquid_empty_space_inner\"><\/span><\/div>[\/vc_column][\/vc_row][vc_row bg_position=&#8221;right center&#8221; css=&#8221;.vc_custom_1559154747814{margin-top: 0px !important;padding-top: 0px !important;background-position: center !important;background-repeat: no-repeat !important;background-size: cover !important;}&#8221;][vc_column][vc_row_inner][vc_column_inner offset=&#8221;vc_col-lg-8&#8243;]<style>.ld_section_title_69fc8ec0426a2 h2{color:rgb(238, 73, 35);}<\/style><header class=\"fancy-title ld_section_title_69fc8ec0426a2 vc_custom_1559585560021\">\n\t<h2><i class=\"fa fa-hand-o-right\"><\/i> Recuerde<\/h2>\t\t<\/header>[\/vc_column_inner][\/vc_row_inner][vc_row_inner content_placement=&#8221;top&#8221; bg_position=&#8221;right center&#8221; css=&#8221;.vc_custom_1559154664785{margin-top: 0px !important;padding-top: 0px !important;background-position: center !important;background-repeat: no-repeat !important;background-size: contain !important;}&#8221;][vc_column_inner width=&#8221;1\/3&#8243; css=&#8221;.vc_custom_1559157072420{padding-right: 20px !important;padding-left: 20px !important;}&#8221;][vc_column_text el_class=&#8221;milista&#8221;]<\/p>\n<ul>\n<li>Tomar el sol con moderaci\u00f3n, de manera progresiva, y h\u00e1galo siempre paseando, evitando las horas centrales del d\u00eda.<\/li>\n<li>Evitar las exposiciones prolongadas al sol y utilizar siempre alg\u00fan tipo de protector solar adecuado a su piel. Se recomienda aplicar crema protectora solar media hora antes de exponerse al sol y reaplicarla cada 2 horas, siempre seg\u00fan el tiempo de exposici\u00f3n.<\/li>\n<\/ul>\n<p>[\/vc_column_text][\/vc_column_inner][vc_column_inner width=&#8221;1\/3&#8243; css=&#8221;.vc_custom_1559151438481{padding-right: 20px !important;padding-left: 20px !important;}&#8221;][vc_column_text el_class=&#8221;milista&#8221;]<\/p>\n<ul>\n<li>Limitar la exposici\u00f3n solar en menores de 3 a\u00f1os y procurar que beban agua con regularidad.<\/li>\n<li>El agua, la arena y la nieve reflejan los rayos solares aumentando sus efectos sobre la piel. Cuando se asciende en la monta\u00f1a, el riesgo de quemaduras solares es mayor.<\/li>\n<li>Alternar los ratos de sol y los de sombra y refrescarse con agua frecuentemente.<\/li>\n<\/ul>\n<p>[\/vc_column_text][\/vc_column_inner][vc_column_inner width=&#8221;1\/3&#8243;][vc_column_text el_class=&#8221;milista&#8221;]<\/p>\n<ul>\n<li>Beber agua a menudo para prevenir la deshidrataci\u00f3n.<br \/>\nLas gafas con protecci\u00f3n solar previenen la formaci\u00f3n de enfermedades oculares.<\/li>\n<li>Usar ropa ligera, de algod\u00f3n y proteger la cabeza con gorra o sombrero ayuda a conseguir una fotoprotecci\u00f3n segura y eficaz.<\/li>\n<\/ul>\n<p>[\/vc_column_text][\/vc_column_inner][\/vc_row_inner][\/vc_column][\/vc_row][vc_row gap=&#8221;30&#8243; equal_height=&#8221;yes&#8221; css=&#8221;.vc_custom_1559586508620{margin-bottom: 4px !important;padding-top: 40px !important;padding-bottom: 40px !important;}&#8221;][vc_column][vc_separator][vc_row_inner equal_height=&#8221;yes&#8221; content_placement=&#8221;top&#8221; gap=&#8221;30&#8243; css=&#8221;.vc_custom_1559586988442{padding-bottom: 40px !important;}&#8221;][vc_column_inner width=&#8221;1\/2&#8243;]<style>.ld_icon_box_69fc8ec042a19 .iconbox-icon-container{border-radius:px;}<\/style>\n<div class=\"iconbox iconbox-circle ld_icon_box_69fc8ec042a19 vc_custom_1559586901905\" id=\"ld_icon_box_69fc8ec042a19\"   >\n\t\n\t\t<div class=\"iconbox-icon-wrap\"><span class=\"iconbox-icon-container\"><i class=\"fa fa-thumbs-o-up\"><\/i><\/span><\/div><!-- \/.iconbox-icon-wrap -->\t\n\t\t\n\t<div class=\"contents\">\t\n\t<h3>\u00bfQu\u00e9 puede hacer si a pesar de estos consejos su piel se ha quemado?<\/h3>\t<p>Refresque con compresas de agua fr\u00eda las zonas quemadas.<\/p>\n<p>Beba agua o l\u00edquidos en abundancia (que no sean bebidas alcoh\u00f3licas)<\/p>\n<p>Acuda al centro de salud si la zona quemada es muy extensa. La gravedad de la quemadura depende de la extensi\u00f3n de piel a la que afecte.<\/p>\n\t\t\n\t<\/div>\n<\/div>\n[\/vc_column_inner][vc_column_inner width=&#8221;1\/2&#8243;]<style>.ld_icon_box_69fc8ec042e99 .iconbox-icon-container{background:rgb(238, 73, 35);border-radius:px;}.ld_icon_box_69fc8ec042e99 .iconbox-icon-container:before{border-color:rgb(238, 73, 35);}<\/style>\n<div class=\"iconbox iconbox-circle ld_icon_box_69fc8ec042e99 vc_custom_1559587452424\" id=\"ld_icon_box_69fc8ec042e99\"   >\n\t\n\t\t<div class=\"iconbox-icon-wrap\"><span class=\"iconbox-icon-container\"><i class=\"fa fa-thumbs-o-down\"><\/i><\/span><\/div><!-- \/.iconbox-icon-wrap -->\t\n\t\t\n\t<div class=\"contents\">\t\n\t<h3>\u00bfQu\u00e9 no debe hacer si su piel se ha quemado?<\/h3>\t<p>Tocar la zona quemada directamente con las manos.<\/p>\n<p>Pinchar las ampollas si las hubiera.<\/p>\n\t\t\n\t<\/div>\n<\/div>\n[\/vc_column_inner][\/vc_row_inner][vc_separator][\/vc_column][\/vc_row][vc_row content_placement=&#8221;top&#8221; bg_position=&#8221;right center&#8221; css=&#8221;.vc_custom_1559597040370{margin-top: 0px !important;margin-bottom: 0px !important;padding-top: 0px !important;background-position: center !important;background-repeat: no-repeat !important;background-size: cover !important;}&#8221;][vc_column]<header class=\"fancy-title ld_section_title_69fc8ec043203 vc_custom_1559596913057\">\n\t<h2>Protecci\u00f3n solar en la Infancia<\/h2>\t\t<\/header>[vc_column_text el_class=&#8221;milista&#8221;]La exposici\u00f3n al sol cuando se realiza con precauci\u00f3n es beneficiosa, ya que favorece la formaci\u00f3n de vitamina D que es imprescindible para un adecuado desarrollo de los huesos. Tambi\u00e9n produce efectos psicol\u00f3gicos positivos ya que resulta agradable y nos mejora el \u00e1nimo. Sin embargo la radiaci\u00f3n solar tambi\u00e9n puede conllevar riesgos si no se toman precauciones: quemaduras cut\u00e1neas, insolaciones, cataratas oculares, manchas y envejecimiento prematuro de la piel. Pero el riesgo m\u00e1s grave es la capacidad para favorecer la aparici\u00f3n de tumores malignos en la piel tanto melanomas como no melanomas.<\/p>\n<p>Cada a\u00f1o se diagnostican en Espa\u00f1a m\u00e1s de 4.000 casos de melanoma cuyo n\u00famero va increment\u00e1ndose debido a la disminuci\u00f3n de la capa de ozono que hace que las radiaciones solares sean m\u00e1s da\u00f1inas. Aunque la mayor responsable es la radiaci\u00f3n ultravioleta B (UVB), tambi\u00e9n es necesario protegerse de la radiaci\u00f3n ultravioleta A (UVA).<\/p>\n<p>La mayor\u00eda de enfermedades cut\u00e1neas surgen en la edad adulta pero se producen principalmente por las exposiciones que se realizaron antes de los 18 a\u00f1os, ya que la piel tiene memoria y este da\u00f1o se va acumulando. Por eso es fundamental la prevenci\u00f3n en la infancia.[\/vc_column_text][\/vc_column][\/vc_row][vc_row][vc_column][vc_separator]<header class=\"fancy-title text-center ld_section_title_69fc8ec0434a7 vc_custom_1559583959086\">\n\t<h2>Preguntas Frecuentes<\/h2>\t\t<\/header>[\/vc_column][\/vc_row][vc_row css=&#8221;.vc_custom_1559597130566{border-bottom-width: 60px !important;}&#8221;][vc_column]<style>.vc_accordion_69fc8ec0439de .accordion-title{font-size:19px;line-height:1.5em;}.vc_accordion_69fc8ec0439de .accordion-title a{color:rgb(0, 0, 0);background:rgb(171, 242, 227);}.vc_accordion_69fc8ec0439de .active .accordion-title a{color:rgb(0, 0, 0);background:rgb(171, 242, 227);}.vc_accordion_69fc8ec0439de .accordion-title a, .vc_accordion_69fc8ec0439de .accordion-item{border-color:rgb(255, 255, 255);}.vc_accordion_69fc8ec0439de .active .accordion-title a, .vc_accordion_69fc8ec0439de .accordion-item.active{border-color:rgb(255, 255, 255);}.vc_accordion_69fc8ec0439de .accordion-expander{color:rgb(159, 159, 159);}.vc_accordion_69fc8ec0439de .active .accordion-expander{color:rgb(15, 109, 44);}<\/style><div class=\"accordion accordion-sm accordion-active-has-fill accordion-body-underlined accordion-expander-lg vc_accordion_69fc8ec0439de\" id=\"vc_accordion_69fc8ec0439de\" role=\"tablist\" aria-multiselectable=\"true\">\n\n\t<div class=\"accordion-item panel  active \">\n\n\t\t<div class=\"accordion-heading\" role=\"tab\" id=\"heading_1532074942188-28a08668-799f1d69-93a43c0a-9539\">\n\t\t\t<h4 class=\"accordion-title\">\n\t\t\t\t<a class=\"\" data-toggle=\"collapse\" data-parent=\"#vc_accordion_69fc8ec0439de\" href=\"#1532074942188-28a08668-799f1d69-93a43c0a-9539\" aria-expanded=\"true\" aria-controls=\"1532074942188-28a08668-799f1d69-93a43c0a-9539\">\n\t\t\t\t\t\n\t\t\t\t\t\n\t\t\t\t\t\u00bfQu\u00e9 debo saber sobre la exposici\u00f3n solar de ni\u00f1os y ni\u00f1as?\n\t\t\t\t\t\t\t\t\t\t<span class=\"accordion-expander\">\n\t\t\t\t\t\t<i class=\"icon-arrows_circle_plus\"><\/i>\n\t\t\t\t\t\t<i class=\"icon-arrows_circle_minus\"><\/i>\n\t\t\t\t\t<\/span>\n\t\t\t\t\t\n\t\t\t\t<\/a>\n\t\t\t\t\n\t\t\t<\/h4>\n\t\t<\/div>\n\n\t\t<div id=\"1532074942188-28a08668-799f1d69-93a43c0a-9539\" class=\"accordion-collapse collapse in\" role=\"tabpanel\" aria-labelledby=\"heading_1532074942188-28a08668-799f1d69-93a43c0a-9539\">\n\t\t\t<div class=\"accordion-content\">\n\t\t\t<p>[vc_column_text el_class=&#8221;milista&#8221;]<\/p>\n<ul>\n<li>Evitar las horas centrales del d\u00eda (11-16h), si no es posible evitar este horario, mantenerle a la sombra.<\/li>\n<li>Vestirle con ropa larga y clara: una camisa amplia con manga larga y pantalones tipo bermudas, preferiblemente de algod\u00f3n con textura densa y opaca. Usar gorro ancho mejor que una gorra ya que esta no protege el cuello ni las orejas.<\/li>\n<li>Cuando la edad sea apropiada, esto es en cuanto sea capaz de tolerarlas, se deben usar gafas de sol homologadas (con factor de protecci\u00f3n ocular) y que sean capaces de impedir la exposici\u00f3n a UVB y UVA.<\/li>\n<li>Use Fotoprotectores Solares; En general siempre son recomendables los Factores 15 o superiores. Ser\u00e1n a\u00fan m\u00e1s elevados en funci\u00f3n del tipo de piel o fototipo:\n<ul>\n<li>En los fototipos I y II (piel muy blanca, pelo pelirrojo o rubio y ojos claros) se precisan factores muy altos: 50<\/li>\n<li>En el fototipo III (piel clara, pelo casta\u00f1o o rubio oscuro y ojos casta\u00f1os o grises) necesitan factores medianos: 30-50<\/li>\n<li>En el fototipo IV (piel y pelo oscuro) se puede usar un factor m\u00e1s bajo: 15-30.<\/li>\n<li>Para menores de 3 a\u00f1os es preciso que el factor sea al menos de 30.<\/li>\n<\/ul>\n<\/li>\n<\/ul>\n<p>El fotoprotector debe administrarse sobre la piel seca media hora antes de la exposici\u00f3n, debe cubrir todas las \u00e1reas expuestas (especialmente la cara), debe reponerse cada 2 horas, debe ser resistente al agua y debe proteger tanto de UVB como UVA. La administraci\u00f3n de fotoprotectores es imprescindible pero no sustituye al resto de medidas anteriores sino que las complementa.<\/p>\n<h5>Los protectores solares deben usarse para protegerse del sol y no como una excusa para permanecer m\u00e1s tiempo expuestos al sol<\/h5>\n<ul>\n<li>No aplicar sobre la piel sustancias con alcohol, perfumes o aromatizantes ya que son fotosensibilizantes.<\/li>\n<li>Evitar productos de bronceado y la exposici\u00f3n a otras sustancias naturales que lo favorezcan.<\/li>\n<li>Precauci\u00f3n en adolescentes que toman medicamentos contraindicados con el sol como son algunos tratamientos antiacn\u00e9.<\/li>\n<li>Consejos para beb\u00e9s: los lactantes menores de 6 meses nunca deben exponerse directamente al sol. Deben permanecer siempre a la sombra, con ropa y protecci\u00f3n solar. El uso de factor debe ser siempre igual o mayor a 30. Evitar las horas centrales del d\u00eda, proporcionar hidrataci\u00f3n frecuente y en caso de quemaduras deben ser siempre valoradas por su pediatra.<\/li>\n<\/ul>\n<p>[\/vc_column_text]<\/p>\n\t\t\t<\/div>\n\t\t<\/div>\n\t<\/div>\n\t<div class=\"accordion-item panel  \">\n\n\t\t<div class=\"accordion-heading\" role=\"tab\" id=\"heading_ld-1532075226851-84f4170a-260f1d69-93a43c0a-9539\">\n\t\t\t<h4 class=\"accordion-title\">\n\t\t\t\t<a class=\"collapsed\" data-toggle=\"collapse\" data-parent=\"#vc_accordion_69fc8ec0439de\" href=\"#ld-1532075226851-84f4170a-260f1d69-93a43c0a-9539\" aria-expanded=\"false\" aria-controls=\"ld-1532075226851-84f4170a-260f1d69-93a43c0a-9539\">\n\t\t\t\t\t\n\t\t\t\t\t\n\t\t\t\t\tM\u00e1s consejos\n\t\t\t\t\t\t\t\t\t\t<span class=\"accordion-expander\">\n\t\t\t\t\t\t<i class=\"icon-arrows_circle_plus\"><\/i>\n\t\t\t\t\t\t<i class=\"icon-arrows_circle_minus\"><\/i>\n\t\t\t\t\t<\/span>\n\t\t\t\t\t\n\t\t\t\t<\/a>\n\t\t\t\t\n\t\t\t<\/h4>\n\t\t<\/div>\n\n\t\t<div id=\"ld-1532075226851-84f4170a-260f1d69-93a43c0a-9539\" class=\"accordion-collapse collapse\" role=\"tabpanel\" aria-labelledby=\"heading_ld-1532075226851-84f4170a-260f1d69-93a43c0a-9539\">\n\t\t\t<div class=\"accordion-content\">\n\t\t\t<p>[vc_column_text el_class=&#8221;milista&#8221;]<\/p>\n<ul>\n<li>Alterne los periodos de ba\u00f1o con otras actividades a la sombra, evitando as\u00ed largas y continuadas exposiciones al sol.<\/li>\n<li>Mantenga las mismas normas de protecci\u00f3n incluso en d\u00edas nublados.<br \/>\nLa exposici\u00f3n solar no solo ocurre en la playa, tambi\u00e9n en piscinas, campo, monta\u00f1a, actividades recreativas al aire libre o ambiente urbano, durante la pr\u00e1ctica de deportes, etc.<\/li>\n<li>El ser joven no implica menor riesgo de complicaciones solares sino al contrario es cuando m\u00e1s importa la protecci\u00f3n. La sola aplicaci\u00f3n en s\u00ed misma de fotoprotector no habilita para tomar el sol sin control, ya que son necesarias el resto de medidas.<\/li>\n<li>El bronceado en s\u00ed mismo no es saludable ya que se trata de una reacci\u00f3n de defensa de la piel ante un da\u00f1o intenso que le est\u00e1 provocando la radiaci\u00f3n solar. Cualquier cambio de color en la piel significa un da\u00f1o irreparable.<br \/>\nLos padres deben adoptar las mismas medidas para servir de ejemplo y as\u00ed fomentar h\u00e1bitos de vida saludable.<\/li>\n<li>Evitar el uso de c\u00e1maras de bronceado ya que investigaciones recientes han demostrado que aumenta la posibilidad de tener c\u00e1ncer de piel.<\/li>\n<\/ul>\n<p>[\/vc_column_text]<\/p>\n\t\t\t<\/div>\n\t\t<\/div>\n\t<\/div>\n\t<div class=\"accordion-item panel  \">\n\n\t\t<div class=\"accordion-heading\" role=\"tab\" id=\"heading_1559583846775-eea9fba6-94393c0a-9539\">\n\t\t\t<h4 class=\"accordion-title\">\n\t\t\t\t<a class=\"collapsed\" data-toggle=\"collapse\" data-parent=\"#vc_accordion_69fc8ec0439de\" href=\"#1559583846775-eea9fba6-94393c0a-9539\" aria-expanded=\"false\" aria-controls=\"1559583846775-eea9fba6-94393c0a-9539\">\n\t\t\t\t\t\n\t\t\t\t\t\n\t\t\t\t\tConozca su tipo de piel (fototipos)\n\t\t\t\t\t\t\t\t\t\t<span class=\"accordion-expander\">\n\t\t\t\t\t\t<i class=\"icon-arrows_circle_plus\"><\/i>\n\t\t\t\t\t\t<i class=\"icon-arrows_circle_minus\"><\/i>\n\t\t\t\t\t<\/span>\n\t\t\t\t\t\n\t\t\t\t<\/a>\n\t\t\t\t\n\t\t\t<\/h4>\n\t\t<\/div>\n\n\t\t<div id=\"1559583846775-eea9fba6-94393c0a-9539\" class=\"accordion-collapse collapse\" role=\"tabpanel\" aria-labelledby=\"heading_1559583846775-eea9fba6-94393c0a-9539\">\n\t\t\t<div class=\"accordion-content\">\n\t\t\t<p>[vc_single_image image=&#8221;815&#8243; img_size=&#8221;full&#8221; css=&#8221;.vc_custom_1559588478898{padding-top: 40px !important;}&#8221;][vc_column_text el_class=&#8221;milista&#8221;]<\/p>\n<ul>\n<li>Use fotoprotectores solares: en general siempre son recomendables los Factores 15 o superiores. Ser\u00e1n a\u00fan m\u00e1s elevados en funci\u00f3n del tipo de piel o fototipo.<\/li>\n<li>El fotoprotector debe administrarse sobre la piel seca media hora antes de la exposici\u00f3n, debe cubrir todas las \u00e1reas expuestas (especialmente la cara), debe reponerse cada 2 horas, debe ser resistente al agua y debe proteger de la radiaci\u00f3n ultravioleta B (UVB) y A (UVA).<\/li>\n<li>Los protectores solares deben usarse para protegerse del sol y no como una excusa para permanecer m\u00e1s tiempo expuestos al sol.<\/li>\n<\/ul>\n<p>[\/vc_column_text]<\/p>\n\t\t\t<\/div>\n\t\t<\/div>\n\t<\/div>\n<\/div>[\/vc_column][\/vc_row][vc_row css=&#8221;.vc_custom_1559597088657{margin-bottom: 0px !important;border-bottom-width: 0px !important;}&#8221;][vc_column][vc_separator]<header class=\"fancy-title ld_section_title_69fc8ec043d50 vc_custom_1559589903938\">\n\t<h2>Informaci\u00f3n adicional<\/h2>\t\t<\/header>[vc_row_inner][vc_column_inner]<style>.ld_section_title_69fc8ec043fdd h2{font-size:18px;}<\/style><header class=\"fancy-title ld_section_title_69fc8ec043fdd vc_custom_1559596716324\">\n\t<h2>Enlaces<\/h2>\t\t<\/header><style>.ld_button_69fc8ec0442c4.btn-icon-solid:hover .btn-icon{background:rgb(63, 91, 209);}.ld_button_69fc8ec0442c4 .btn-icon{color:rgb(255, 255, 255);margin-right:12px !important;}.ld_button_69fc8ec0442c4:hover .btn-icon{color:rgb(255, 255, 255);}.ld_button_69fc8ec0442c4.btn-icon-solid .btn-icon{background:rgb(148, 169, 255);}.ld_button_69fc8ec0442c4:hover{color:rgb(0, 0, 0);}.ld_button_69fc8ec0442c4:after{background:rgba(0, 0, 0, 0);}.ld_button_69fc8ec0442c4.btn-bordered:hover{border-color:rgba(0, 0, 0, 0);}<\/style><a href=\"https:\/\/disfrutadelsol.hcs.es\/\" target=\"_blank\" class=\"btn btn-underlined text-uppercase btn-bordered border-thin btn-icon-left btn-icon-sm btn-icon-circle btn-icon-solid botonenlace ld_button_69fc8ec0442c4\">\n\t<span>\n\t\t\n\t\t\t\t\t<span class=\"btn-txt\">CAMPA\u00d1A 'DISFRUTA DEL SOL SIN DEJARTE LA PIEL'<\/span>\n\t\t\t\n\t<span class=\"btn-icon\"><i class=\"fa fa-external-link\"><\/i><\/span>\t\t\t<\/span>\n<\/a>\n<style>.ld_button_69fc8ec0446ce.btn-icon-solid:hover .btn-icon{background:rgb(63, 91, 209);}.ld_button_69fc8ec0446ce .btn-icon{color:rgb(255, 255, 255);margin-right:12px !important;}.ld_button_69fc8ec0446ce:hover .btn-icon{color:rgb(255, 255, 255);}.ld_button_69fc8ec0446ce.btn-icon-solid .btn-icon{background:rgb(148, 169, 255);}.ld_button_69fc8ec0446ce:hover{color:rgb(0, 0, 0);}.ld_button_69fc8ec0446ce:after{background:rgba(0, 0, 0, 0);}.ld_button_69fc8ec0446ce.btn-bordered:hover{border-color:rgba(0, 0, 0, 0);}<\/style><a href=\"https:\/\/disfrutadelsol.hcs.es\/protegete\/decalogo-ninos\/\" target=\"_blank\" class=\"btn btn-underlined text-uppercase btn-bordered border-thin btn-icon-left btn-icon-sm btn-icon-circle btn-icon-solid botonenlace ld_button_69fc8ec0446ce\">\n\t<span>\n\t\t\n\t\t\t\t\t<span class=\"btn-txt\">DEC\u00c1LOGO DE FOTOPROTECCI\u00d3N INFANTIL<\/span>\n\t\t\t\n\t<span class=\"btn-icon\"><i class=\"fa fa-external-link\"><\/i><\/span>\t\t\t<\/span>\n<\/a>\n<style>.ld_spacer_69fc8ec0449c5{height:32px;}<\/style>\n<div class=\"ld-empty-space ld_spacer_69fc8ec0449c5\"><span class=\"liquid_empty_space_inner\"><\/span><\/div><style>.ld_section_title_69fc8ec044c2c h2{font-size:18px;}<\/style><header class=\"fancy-title ld_section_title_69fc8ec044c2c vc_custom_1559596743232\">\n\t<h2>Materiales<\/h2>\t\t<\/header><style>.ld_button_69fc8ec044f0a.btn-icon-solid:hover .btn-icon{background:rgb(14, 109, 44);}.ld_button_69fc8ec044f0a .btn-icon{color:rgb(0, 0, 0);margin-right:12px !important;}.ld_button_69fc8ec044f0a:hover .btn-icon{color:rgb(255, 255, 255);}.ld_button_69fc8ec044f0a.btn-icon-solid .btn-icon{background:rgb(171, 242, 227);}.ld_button_69fc8ec044f0a:hover{color:rgb(0, 0, 0);}.ld_button_69fc8ec044f0a:after{background:rgba(0, 0, 0, 0);}.ld_button_69fc8ec044f0a.btn-bordered:hover{border-color:rgba(0, 0, 0, 0);}<\/style><a href=\"https:\/\/www.veranoysaludandalucia.es\/2020\/wp-content\/uploads\/sites\/7\/2019\/06\/cartel_proteccion_solar_infancia.pdf\" target=\"_blank\" class=\"btn btn-underlined text-uppercase btn-bordered border-thin btn-icon-left btn-icon-sm btn-icon-circle btn-icon-solid botonenlace ld_button_69fc8ec044f0a\">\n\t<span>\n\t\t\n\t\t\t\t\t<span class=\"btn-txt\">Cartel Consejos para proteger la piel de ni\u00f1os y ni\u00f1as (PDF)<\/span>\n\t\t\t\n\t<span class=\"btn-icon\"><i class=\"fa fa-file-pdf-o\"><\/i><\/span>\t\t\t<\/span>\n<\/a>\n<style>.ld_button_69fc8ec045299.btn-icon-solid:hover .btn-icon{background:rgb(14, 109, 44);}.ld_button_69fc8ec045299 .btn-icon{color:rgb(0, 0, 0);margin-right:12px !important;}.ld_button_69fc8ec045299:hover .btn-icon{color:rgb(255, 255, 255);}.ld_button_69fc8ec045299.btn-icon-solid .btn-icon{background:rgb(171, 242, 227);}.ld_button_69fc8ec045299:hover{color:rgb(0, 0, 0);}.ld_button_69fc8ec045299:after{background:rgba(0, 0, 0, 0);}.ld_button_69fc8ec045299.btn-bordered:hover{border-color:rgba(0, 0, 0, 0);}<\/style><a href=\"https:\/\/www.veranoysaludandalucia.es\/2020\/wp-content\/uploads\/sites\/7\/2019\/06\/triptico_proteccion_solar_infancia.pdf\" target=\"_blank\" class=\"btn btn-underlined text-uppercase btn-bordered border-thin btn-icon-left btn-icon-sm btn-icon-circle btn-icon-solid botonenlace ld_button_69fc8ec045299\">\n\t<span>\n\t\t\n\t\t\t\t\t<span class=\"btn-txt\">Folleto Consejos para proteger la piel de ni\u00f1os y ni\u00f1as (PDF)<\/span>\n\t\t\t\n\t<span class=\"btn-icon\"><i class=\"fa fa-file-pdf-o\"><\/i><\/span>\t\t\t<\/span>\n<\/a>\n<style>.ld_button_69fc8ec045624.btn-icon-solid:hover .btn-icon{background:rgb(14, 109, 44);}.ld_button_69fc8ec045624 .btn-icon{color:rgb(0, 0, 0);margin-right:12px !important;}.ld_button_69fc8ec045624:hover .btn-icon{color:rgb(255, 255, 255);}.ld_button_69fc8ec045624.btn-icon-solid .btn-icon{background:rgb(171, 242, 227);}.ld_button_69fc8ec045624:hover{color:rgb(0, 0, 0);}.ld_button_69fc8ec045624:after{background:rgba(0, 0, 0, 0);}.ld_button_69fc8ec045624.btn-bordered:hover{border-color:rgba(0, 0, 0, 0);}<\/style><a href=\"https:\/\/www.veranoysaludandalucia.es\/2020\/wp-content\/uploads\/sites\/7\/2019\/06\/tipos_piel.pdf\" target=\"_blank\" class=\"btn btn-underlined text-uppercase btn-bordered border-thin btn-icon-left btn-icon-sm btn-icon-circle btn-icon-solid botonenlace ld_button_69fc8ec045624\">\n\t<span>\n\t\t\n\t\t\t\t\t<span class=\"btn-txt\">Postal sobre Tipos de Piel (PDF)<\/span>\n\t\t\t\n\t<span class=\"btn-icon\"><i class=\"fa fa-file-pdf-o\"><\/i><\/span>\t\t\t<\/span>\n<\/a>\n[\/vc_column_inner][\/vc_row_inner][\/vc_column][\/vc_row]<\/p>\n<\/div>","protected":false},"excerpt":{"rendered":"<p>[vc_row full_width=&#8221;stretch_row&#8221; gap=&#8221;0&#8243; css=&#8221;.vc_custom_1622477793018{margin-top: 0px !important;margin-right: 0px !important;margin-bottom: 0px !important;margin-left: 0px !important;padding-top: 0px !important;padding-right: 0px !important;padding-bottom: 0px !important;padding-left: 0px !important;}&#8221;][vc_column css=&#8221;.vc_custom_1622142216200{margin: 0px !important;padding: 0px !important;border: 0px initial !important;}&#8221;][vc_single_image image=&#8221;2899&#8243; img_size=&#8221;full&#8221; alignment=&#8221;center&#8221;][\/vc_column][\/vc_row][vc_row gap=&#8221;0&#8243; css=&#8221;.vc_custom_1622144126385{margin-top: 0px !important;margin-right: 0px !important;margin-bottom: 0px !important;margin-left: 0px !important;border-top-width: 0px !important;border-right-width: 0px !important;border-bottom-width: 0px !important;border-left-width: 0px !important;padding-top: 0px !important;padding-right: 0px !important;padding-bottom: 0px !important;padding-left: [&hellip;]<\/p>\n","protected":false},"author":75,"featured_media":0,"parent":0,"menu_order":0,"comment_status":"closed","ping_status":"closed","template":"","meta":{"footnotes":""},"class_list":["post-64","page","type-page","status-publish","hentry"],"_links":{"self":[{"href":"https:\/\/www.veranoysaludandalucia.es\/2026\/wp-json\/wp\/v2\/pages\/64","targetHints":{"allow":["GET"]}}],"collection":[{"href":"https:\/\/www.veranoysaludandalucia.es\/2026\/wp-json\/wp\/v2\/pages"}],"about":[{"href":"https:\/\/www.veranoysaludandalucia.es\/2026\/wp-json\/wp\/v2\/types\/page"}],"author":[{"embeddable":true,"href":"https:\/\/www.veranoysaludandalucia.es\/2026\/wp-json\/wp\/v2\/users\/75"}],"replies":[{"embeddable":true,"href":"https:\/\/www.veranoysaludandalucia.es\/2026\/wp-json\/wp\/v2\/comments?post=64"}],"version-history":[{"count":117,"href":"https:\/\/www.veranoysaludandalucia.es\/2026\/wp-json\/wp\/v2\/pages\/64\/revisions"}],"predecessor-version":[{"id":2900,"href":"https:\/\/www.veranoysaludandalucia.es\/2026\/wp-json\/wp\/v2\/pages\/64\/revisions\/2900"}],"wp:attachment":[{"href":"https:\/\/www.veranoysaludandalucia.es\/2026\/wp-json\/wp\/v2\/media?parent=64"}],"curies":[{"name":"wp","href":"https:\/\/api.w.org\/{rel}","templated":true}]}}