{"id":70,"date":"2019-05-24T08:02:39","date_gmt":"2019-05-24T06:02:39","guid":{"rendered":"https:\/\/veranoysaludandalucia.es\/verano2019\/?page_id=70"},"modified":"2024-04-19T12:22:06","modified_gmt":"2024-04-19T10:22:06","slug":"playa","status":"publish","type":"page","link":"https:\/\/www.veranoysaludandalucia.es\/2024\/playa\/","title":{"rendered":"Playa"},"content":{"rendered":"<div class=\"wpb-content-wrapper\"><p>[vc_row full_width=&#8221;stretch_row&#8221; gap=&#8221;0&#8243; css=&#8221;.vc_custom_1622477793018{margin-top: 0px !important;margin-right: 0px !important;margin-bottom: 0px !important;margin-left: 0px !important;padding-top: 0px !important;padding-right: 0px !important;padding-bottom: 0px !important;padding-left: 0px !important;}&#8221;][vc_column css=&#8221;.vc_custom_1622142216200{margin: 0px !important;padding: 0px !important;border: 0px initial !important;}&#8221;]<style>.ld_spacer_69f2d57b3a5f2{height:250px;}<\/style>\n<div class=\"ld-empty-space ld_spacer_69f2d57b3a5f2\"><span class=\"liquid_empty_space_inner\"><\/span><\/div>[vc_single_image image=&#8221;2604&#8243; img_size=&#8221;full&#8221; alignment=&#8221;center&#8221;][\/vc_column][\/vc_row][vc_row gap=&#8221;0&#8243; css=&#8221;.vc_custom_1622144126385{margin-top: 0px !important;margin-right: 0px !important;margin-bottom: 0px !important;margin-left: 0px !important;border-top-width: 0px !important;border-right-width: 0px !important;border-bottom-width: 0px !important;border-left-width: 0px !important;padding-top: 0px !important;padding-right: 0px !important;padding-bottom: 0px !important;padding-left: 0px !important;border-left-style: solid !important;border-right-style: solid !important;border-top-style: solid !important;border-bottom-style: solid !important;}&#8221;][vc_column css=&#8221;.vc_custom_1622144222319{margin-top: -150px !important;}&#8221;][vc_row_inner css=&#8221;.vc_custom_1713522030525{margin-top: 0px !important;margin-right: 60px !important;margin-bottom: 0px !important;margin-left: 60px !important;border-top-width: 1px !important;border-right-width: 1px !important;border-bottom-width: 1px !important;border-left-width: 1px !important;padding-top: 40px !important;padding-right: 40px !important;padding-bottom: 40px !important;padding-left: 40px !important;background-color: #e0bae2 !important;border-radius: 30px !important;}&#8221;][vc_column_inner]<style>.ld_section_title_69f2d57b3a8ff h2{font-size:40px;color:rgb(255, 255, 255);margin-bottom:0px !important;;}<\/style><header class=\"fancy-title ld_section_title_69f2d57b3a8ff vc_custom_1622478979243\">\n\t<h2>Recomendaciones para ir a la playa<\/h2>\t\t<\/header>[vc_column_text el_class=&#8221;blanco&#8221; css=&#8221;.vc_custom_1683389902949{margin-top: 5px !important;}&#8221;]<span style=\"color: #000000;\">Si pensamos este verano pasar unos d\u00edas en la playa, hay que\u00a0tener <strong>precauciones<\/strong>\u00a0como tomar el sol con moderaci\u00f3n, evitando exposiciones prolongadas y en las horas centrales del d\u00eda.<\/span>[\/vc_column_text][\/vc_column_inner][\/vc_row_inner]<style>.ld_spacer_69f2d57b3ad0c{height:50px;}<\/style>\n<div class=\"ld-empty-space ld_spacer_69f2d57b3ad0c\"><span class=\"liquid_empty_space_inner\"><\/span><\/div>[\/vc_column][\/vc_row][vc_row][vc_column][vc_cta h2=&#8221;ACCEDER A SITUACI\u00d3N SANITARIA DE ZONAS DE BA\u00d1O&#8221; h2_font_container=&#8221;font_size:24|color:%23ffffff&#8221; h2_use_theme_fonts=&#8221;yes&#8221; txt_align=&#8221;center&#8221; style=&#8221;outline&#8221; css_animation=&#8221;none&#8221; use_custom_fonts_h2=&#8221;true&#8221; css=&#8221;.vc_custom_1683390000482{padding-top: 10px !important;padding-bottom: 10px !important;background-color: #45bccd !important;}&#8221; h2_link=&#8221;url:https%3A%2F%2Fjuntadeandalucia.es%2Forganismos%2Fsaludyfamilias%2Fareas%2Fentornos-saludables%2Fsalud-ambiental%2Fpaginas%2Fzonas-bano.html|title:Situaci%C3%B3n%20sanitaria%20de%20las%20aguas%20de%20ba%C3%B1o|target:%20_blank|&#8221;][\/vc_cta][\/vc_column][\/vc_row][vc_row content_placement=&#8221;top&#8221; bg_position=&#8221;right center&#8221; css=&#8221;.vc_custom_1559157242705{margin-top: 0px !important;margin-bottom: 40px !important;padding-top: 0px !important;background-position: center !important;background-repeat: no-repeat !important;background-size: cover !important;}&#8221;][vc_column]<style>.ld_section_title_69f2d57b3af70 h2{color:rgb(238, 73, 35);}<\/style><header class=\"fancy-title ld_section_title_69f2d57b3af70 vc_custom_1559663301429\">\n\t<h2><i class=\"fa fa-hand-o-right\"><\/i> Recuerde<\/h2>\t\t<\/header>[vc_row_inner][vc_column_inner width=&#8221;1\/2&#8243;][vc_column_text el_class=&#8221;milista&#8221;]<\/p>\n<ul>\n<li>Utilizar de forma frecuente cremas de protecci\u00f3n solar, sobre todo despu\u00e9s de tomar un ba\u00f1o, proteger la cabeza con gorras o sombreros, y beber agua con frecuencia para prevenir la deshidrataci\u00f3n. Tome estas precauciones especialmente con los beb\u00e9s y con menores en general.<\/li>\n<li>A la hora de ba\u00f1arse es importante seguir las indicaciones de los socorristas y respetar las se\u00f1ales de peligrosidad del mar (bander\u00edn rojo= peligro\/ bander\u00edn amarillo= precauci\u00f3n\/ bander\u00edn verde= ba\u00f1o libre).<\/li>\n<li>No ba\u00f1arse en zonas prohibidas, si encuentra alg\u00fan vertido de aguas residuales que no est\u00e9 se\u00f1alizado, den\u00fancielo ante las autoridades municipales.<\/li>\n<li>Nadar en zonas donde se haga pie y frecuentadas. Los ni\u00f1os y ni\u00f1as no deben ba\u00f1arse solos y deben evitar juegos peligrosos o bromas como las ahogadillas que pueden causar da\u00f1os cervicales y de espalda.<\/li>\n<li>Al entrar en el agua h\u00e1galo poco a poco, sobre todo despu\u00e9s de haber tomado el sol.<\/li>\n<\/ul>\n<p>[\/vc_column_text][\/vc_column_inner][vc_column_inner width=&#8221;1\/2&#8243;][vc_column_text el_class=&#8221;milista&#8221;]<\/p>\n<ul>\n<li>Comprobar que el agua que bebe es potable.<\/li>\n<li>Beber suficiente l\u00edquido y no abuse de las bebidas alcoh\u00f3licas.<\/li>\n<li>Asegurarse que los alimentos que se consumen han sido adquiridos en establecimientos que ofrezcan garant\u00eda sanitaria.<\/li>\n<li>Conservar los alimentos refrigerados para evitar intoxicaciones e infecciones alimentarias.<\/li>\n<li>Utilizar una esterilla o toalla personal para descansar sobre la arena.<\/li>\n<li>Mantener la playa limpia, use las papeleras y contenedores de residuos. Sobre todo no tire objetos peligrosos a la arena.<\/li>\n<li>No llevar animales dom\u00e9sticos a la playa, est\u00e1 prohibido y supone un riesgo sanitario.<\/li>\n<\/ul>\n<p>[\/vc_column_text][\/vc_column_inner][\/vc_row_inner][\/vc_column][\/vc_row][vc_row gap=&#8221;30&#8243; css=&#8221;.vc_custom_1559158256893{margin-bottom: 40px !important;}&#8221;][vc_column]<style>.ld_icon_box_69f2d57b3b2b5 .iconbox-icon-container{font-size:54;border-radius:px;}.ld_icon_box_69f2d57b3b2b5{background:rgb(253, 250, 216);}<\/style>\n<div class=\"iconbox iconbox-inline iconbox-shadow iconbox-circle iconbox-md iconbox-filled iconbox-icon-ripple avisos ld_icon_box_69f2d57b3b2b5 vc_custom_1683390206569\" id=\"ld_icon_box_69f2d57b3b2b5\"  data-shape-border=\"1\" >\n\t\n\t\t<div class=\"iconbox-icon-wrap\"><span class=\"iconbox-icon-container\"><i class=\"icon-ion-logo-no-smoking\"><\/i><\/span><\/div><!-- \/.iconbox-icon-wrap -->\t\n\t\t\n\t<div class=\"contents\">\t\n\t\t<p><a name=\"playasinhumo\"><\/a><\/p>\n<h2 style=\"text-align: center\"><mark class=\"lqd-highlight\">PLAYAS Y PISCINAS LIBRES DE HUMO<span class=\"lqd-highlight-inner\"><\/span><\/mark><\/h2>\n<h4 style=\"text-align: center\"><strong>Por unas playas y piscinas sin humo<br \/>\n<\/strong><\/h4>\n<p>En verano aumenta la afluencia a las playas y piscinas. Si fumas o si conoces a alguien de tu familia o de tu entorno m\u00e1s cercano que fume, te animamos a dejarlo en beneficio de tu salud y de quienes te rodean. Pero tambi\u00e9n, te proponemos que te sumes a la iniciativa Playas y piscinas sin Humo de tu Ayuntamiento , para evitar la contaminaci\u00f3n medioambiental que provoca el h\u00e1bito del tabaco.<\/p>\n<p>&nbsp;<\/p>\n<p>\u00bfSab\u00edas que las colillas son la principal fuente de basura del mundo? Una colilla no es biodegradable y tarda en descomponerse entre 8 y 12 a\u00f1os. Los cigarrillos enterrados en la arena pueden provocar contaminaci\u00f3n de cuarta mano, que, tras filtrarse en el suelo y el agua, pasa a la cadena alimentaria produciendo efectos t\u00f3xicos en animales y personas.<\/p>\n<h4 style=\"text-align: center\"><strong>PROYECTO &#8220;PLAYAS Y PISCINAS SIN HUMO&#8221;<\/strong><\/h4>\n<p>Este a\u00f1o contin\u00faa en marcha la iniciativa de la Red Andaluza de Servicios Sanitarios y Espacios Libres de Humo para convertir a las playas y piscinas andaluzas en espacios libres de humo. Bajo el t\u00edtulo \u2018Playas y piscinas sin Humo\u2019, este proyecto tiene como doble objetivo promover h\u00e1bitos saludables para mejorar la salud y la calidad de vida, aumentar la calidad ambiental, disminuir la contaminaci\u00f3n y mejorar la imagen de nuestras costas e instalaciones de ocio y deportivas.<\/p>\n<p>&nbsp;<\/p>\n<p>A trav\u00e9s de est\u00e1 iniciativa cualquier ayuntamiento de Andaluc\u00eda podr\u00e1 impulsar la puesta en marcha de actuaciones en sus playas y piscinas para mantenerlas libres de humo de tabaco, incorporando materiales de se\u00f1alizaci\u00f3n e informando acerca de los beneficios de evitar el humo del tabaco y sobre m\u00e9todos eficaces de deshabituaci\u00f3n tab\u00e1quica a trav\u00e9s de los dispositivos sanitarios.<\/p>\n<p>&nbsp;<\/p>\n<h3 style=\"text-align: center\"><strong>\u00bfC\u00f3mo adherirse a la Campa\u00f1a?<br \/>\n<\/strong><\/h3>\n<p>&nbsp;<\/p>\n<p>Para solicitar la adhesi\u00f3n como PLAYAS Y PISCINAS SIN HUMO a la Red Andaluza de Servicios Sanitarios y Espacios Libres de Humo (RASSELH) es necesario enviar la documentaci\u00f3n de adhesi\u00f3n disponible en la p\u00e1gina web: <a class=\"\" href=\"http:\/\/www.juntadeandalucia.es\/organismos\/saludyfamilias\/areas\/salud-vida\/adulta\/paginas\/playas-piscinas-sin-humo.html\" target=\"_blank\" rel=\"noopener\">http:\/\/www.juntadeandalucia.es\/organismos\/saludyfamilias\/areas\/salud-vida\/adulta\/paginas\/playas-piscinas-sin-humo.html<\/a><\/p>\n<p>&nbsp;<\/p>\n\t\t\n\t<\/div>\n<\/div>\n[vc_row_inner][vc_column_inner width=&#8221;1\/4&#8243;][vc_single_image image=&#8221;926&#8243; img_size=&#8221;medium&#8221; onclick=&#8221;custom_link&#8221; img_link_target=&#8221;_blank&#8221; link=&#8221;https:\/\/juntadeandalucia.es\/organismos\/saludyfamilias\/areas\/salud-vida\/adulta\/paginas\/red-andaluza-sselh.html&#8221;][\/vc_column_inner][vc_column_inner width=&#8221;3\/4&#8243;]<style>.ld_button_69f2d57b3b9ca.btn-icon-solid .btn-icon{background:rgb(148, 169, 255);}.ld_button_69f2d57b3b9ca .btn-icon{margin-right:12px !important;}<\/style><a href=\"https:\/\/www.redpita.es\/course\/view.php?id=26\" target=\"_blank\" class=\"btn btn-underlined text-uppercase btn-bordered border-thin btn-icon-left btn-icon-sm btn-icon-circle btn-icon-solid botonenlace ld_button_69f2d57b3b9ca\">\n\t<span>\n\t\t\n\t\t\t\t\t<span class=\"btn-txt\">M\u00e1s informaci\u00f3n sobre c\u00f3mo adherirse a Playas sin humo<\/span>\n\t\t\t\n\t<span class=\"btn-icon\"><i class=\"fa fa-external-link\"><\/i><\/span>\t\t\t<\/span>\n<\/a>\n[\/vc_column_inner][\/vc_row_inner]<style>.ld_spacer_69f2d57b3be10{height:32px;}<\/style>\n<div class=\"ld-empty-space ld_spacer_69f2d57b3be10\"><span class=\"liquid_empty_space_inner\"><\/span><\/div>[vc_separator]<style>.ld_spacer_69f2d57b3c025{height:32px;}<\/style>\n<div class=\"ld-empty-space ld_spacer_69f2d57b3c025\"><span class=\"liquid_empty_space_inner\"><\/span><\/div>[\/vc_column][\/vc_row]<\/p>\n<\/div>","protected":false},"excerpt":{"rendered":"<p>[vc_row full_width=&#8221;stretch_row&#8221; gap=&#8221;0&#8243; css=&#8221;.vc_custom_1622477793018{margin-top: 0px !important;margin-right: 0px !important;margin-bottom: 0px !important;margin-left: 0px !important;padding-top: 0px !important;padding-right: 0px !important;padding-bottom: 0px !important;padding-left: 0px !important;}&#8221;][vc_column css=&#8221;.vc_custom_1622142216200{margin: 0px !important;padding: 0px !important;border: 0px initial !important;}&#8221;][vc_single_image image=&#8221;2604&#8243; img_size=&#8221;full&#8221; alignment=&#8221;center&#8221;][\/vc_column][\/vc_row][vc_row gap=&#8221;0&#8243; css=&#8221;.vc_custom_1622144126385{margin-top: 0px !important;margin-right: 0px !important;margin-bottom: 0px !important;margin-left: 0px !important;border-top-width: 0px !important;border-right-width: 0px !important;border-bottom-width: 0px !important;border-left-width: 0px !important;padding-top: 0px !important;padding-right: 0px !important;padding-bottom: 0px !important;padding-left: [&hellip;]<\/p>\n","protected":false},"author":75,"featured_media":0,"parent":0,"menu_order":0,"comment_status":"closed","ping_status":"closed","template":"","meta":{"footnotes":""},"class_list":["post-70","page","type-page","status-publish","hentry"],"_links":{"self":[{"href":"https:\/\/www.veranoysaludandalucia.es\/2024\/wp-json\/wp\/v2\/pages\/70","targetHints":{"allow":["GET"]}}],"collection":[{"href":"https:\/\/www.veranoysaludandalucia.es\/2024\/wp-json\/wp\/v2\/pages"}],"about":[{"href":"https:\/\/www.veranoysaludandalucia.es\/2024\/wp-json\/wp\/v2\/types\/page"}],"author":[{"embeddable":true,"href":"https:\/\/www.veranoysaludandalucia.es\/2024\/wp-json\/wp\/v2\/users\/75"}],"replies":[{"embeddable":true,"href":"https:\/\/www.veranoysaludandalucia.es\/2024\/wp-json\/wp\/v2\/comments?post=70"}],"version-history":[{"count":49,"href":"https:\/\/www.veranoysaludandalucia.es\/2024\/wp-json\/wp\/v2\/pages\/70\/revisions"}],"predecessor-version":[{"id":2683,"href":"https:\/\/www.veranoysaludandalucia.es\/2024\/wp-json\/wp\/v2\/pages\/70\/revisions\/2683"}],"wp:attachment":[{"href":"https:\/\/www.veranoysaludandalucia.es\/2024\/wp-json\/wp\/v2\/media?parent=70"}],"curies":[{"name":"wp","href":"https:\/\/api.w.org\/{rel}","templated":true}]}}